{"id":18,"date":"2026-02-18T23:04:21","date_gmt":"2026-02-18T21:04:21","guid":{"rendered":"http:\/\/31.217.196.121\/~uthnexzl\/?page_id=18"},"modified":"2026-03-04T17:03:34","modified_gmt":"2026-03-04T15:03:34","slug":"back-office-tuki-kiinteistonvalittajille","status":"publish","type":"page","link":"https:\/\/7daystoimisto.fi\/","title":{"rendered":"Kaupanvahvistus, kauppakirjat ja arviokirjat, v\u00e4litt\u00e4j\u00e4n et\u00e4assistentti"},"content":{"rendered":"\n<figure class=\"wp-block-image size-large is-resized\"><img loading=\"lazy\" decoding=\"async\" width=\"1024\" height=\"434\" src=\"https:\/\/7daystoimisto.fi\/wp-content\/uploads\/2026\/03\/7Days-etaassistentti-kiinteisto-kaupanvahvistus.jpg-1024x434.png\" alt=\"\" class=\"wp-image-94\" style=\"aspect-ratio:2.3595077644301203;width:616px;height:auto\" srcset=\"https:\/\/7daystoimisto.fi\/wp-content\/uploads\/2026\/03\/7Days-etaassistentti-kiinteisto-kaupanvahvistus.jpg-1024x434.png 1024w, https:\/\/7daystoimisto.fi\/wp-content\/uploads\/2026\/03\/7Days-etaassistentti-kiinteisto-kaupanvahvistus.jpg-300x127.png 300w, https:\/\/7daystoimisto.fi\/wp-content\/uploads\/2026\/03\/7Days-etaassistentti-kiinteisto-kaupanvahvistus.jpg-768x326.png 768w, https:\/\/7daystoimisto.fi\/wp-content\/uploads\/2026\/03\/7Days-etaassistentti-kiinteisto-kaupanvahvistus.jpg-1536x652.png 1536w, https:\/\/7daystoimisto.fi\/wp-content\/uploads\/2026\/03\/7Days-etaassistentti-kiinteisto-kaupanvahvistus.jpg-2048x869.png 2048w\" sizes=\"auto, (max-width: 1024px) 100vw, 1024px\" \/><\/figure>\n\n\n\n<p class=\"has-x-large-font-size\">7Days laatii kauppakirjat, lahjakirjat, arviokirjat sek\u00e4 viralliset kaupanvahvistukset luotettavasti ja nopeasti. Et\u00e4assistentti kiinteist\u00f6nv\u00e4litt\u00e4jille.<\/p>\n\n\n\n<div style=\"height:20px\" aria-hidden=\"true\" class=\"wp-block-spacer\"><\/div>\n\n\n\n<div class=\"wp-block-buttons is-vertical is-content-justification-stretch is-layout-flex wp-container-core-buttons-is-layout-353c4f5a wp-block-buttons-is-layout-flex\">\n<div class=\"wp-block-button has-custom-width wp-block-button__width-75 is-style-outline is-style-outline--1\"><a class=\"wp-block-button__link has-accent-6-background-color has-background wp-element-button\" href=\"#backoffice\"><strong>Tarvitsen et\u00e4assistenttia<\/strong><\/a><\/div>\n\n\n\n<div class=\"wp-block-button has-custom-width wp-block-button__width-75 is-style-outline is-style-outline--2\"><a class=\"wp-block-button__link has-accent-6-background-color has-background wp-element-button\" href=\"#asiakirjat\"><strong>Tilaa arviokirja tai kauppakirja<\/strong><\/a><\/div>\n\n\n\n<div class=\"wp-block-button has-custom-width wp-block-button__width-75 is-style-outline is-style-outline--3\"><a class=\"wp-block-button__link has-accent-6-background-color has-background wp-element-button\" href=\"#vahvistus\"><strong>Tilaa kaupanvahvistaja<\/strong><\/a><\/div>\n<\/div>\n\n\n\n<div style=\"height:25px\" aria-hidden=\"true\" class=\"wp-block-spacer\"><\/div>\n\n\n\n<h2 class=\"wp-block-heading\">Back Office tuki kiinteist\u00f6nv\u00e4litt\u00e4jille<\/h2>\n\n\n\n<p>Tehokas taustatuki on menestyv\u00e4n v\u00e4litysty\u00f6n perusta. Kun rutiinit ja asiakirjahallinto ovat kokeneen ammattilaisen k\u00e4siss\u00e4, voit itse keskitty\u00e4 olennaiseen: asiakaskohtaamisiin, arviok\u00e4ynteihin, esittelyihin ja kaupank\u00e4yntiin.<\/p>\n\n\n\n<p>Hallitsen alan yleisimm\u00e4t j\u00e4rjestelm\u00e4t ja toimin tarkasti noudattaen lakeja, asetuksia ja hyv\u00e4\u00e4 v\u00e4litystapaa.<\/p>\n\n\n\n<p>Palvelu r\u00e4\u00e4t\u00e4l\u00f6id\u00e4\u00e4n aina yrityksesi tarpeiden mukaan \u2013 olipa kyseess\u00e4 yksitt\u00e4inen kohde tai jatkuva yhteisty\u00f6.<\/p>\n\n\n\n<p>Hoidan back office -ty\u00f6t alkaen <strong>75 \u20ac \/ toimeksianto<\/strong> peruskirjaus, laajemmat ty\u00f6t erikseen sopien, kysy lis\u00e4\u00e4!<\/p>\n\n\n\n<p>Hintoihin lis\u00e4t\u00e4\u00e4n ALV 25,5 %.<\/p>\n\n\n\n<p>Ty\u00f6st\u00e4 tehd\u00e4\u00e4n aina sopimus ja salassapitosopimus, asiakirjat siirret\u00e4\u00e4n salattua yhteytt\u00e4 k\u00e4ytt\u00e4en.<\/p>\n\n\n\n<div style=\"height:20px\" aria-hidden=\"true\" class=\"wp-block-spacer\"><\/div>\n\n\n\n<h2 class=\"wp-block-heading\" id=\"asiakirjat\">Asiakirjat asuntokaupan turvaksi<\/h2>\n\n\n\n<p>Asunto- ja kiinteist\u00f6kaupan asiakirjat ovat ennen kaikkea kaupan osapuolten oikeusturva. Huolellisesti ja yksil\u00f6llisesti laadittu kauppakirja ehk\u00e4isee tehokkaasti j\u00e4lkik\u00e4teisi\u00e4 ep\u00e4selvyyksi\u00e4 ja riitatilanteita.<\/p>\n\n\n\n<p>Onko tiedossa asuntokauppa tai kiinteist\u00f6kauppa ilman v\u00e4litt\u00e4j\u00e4\u00e4? Autan kaupan kaikissa vaiheissa.<\/p>\n\n\n\n<p>Laadin ammattitaitoiset kauppakirjat, lahjakirjat ja arviokirjat, joissa on huomioitu olennaiset juridiset seikat riitojen ennaltaehk\u00e4isemiseksi.<\/p>\n\n\n\n<p>Palvelu on k\u00e4ytett\u00e4viss\u00e4si nopeasti s\u00e4hk\u00f6isten kanavien kautta ymp\u00e4ri Suomen.<\/p>\n\n\n\n<p>Kauppakirjat toimeksiantajan antamilla tiedoilla alkaen <strong>250 \u20ac <\/strong>huoneisto ja alkaen <strong>400 \u20ac<\/strong> kiinteist\u00f6.<\/p>\n\n\n\n<p>Arviokirjat toimeksiantajan antamilla tiedoilla alkaen <strong>200 \u20ac <\/strong>huoneisto ja alkaen <strong>400 \u20ac<\/strong> kiinteist\u00f6.<\/p>\n\n\n\n<p>Varmista asuntokauppasi onnistuminen \u2013 asiantuntijan laatima kauppakirja on pieni investointi mielenrauhaan.<\/p>\n\n\n\n<p>Kysy lis\u00e4\u00e4, ota yhteytt\u00e4!<\/p>\n\n\n\n<div style=\"height:20px\" aria-hidden=\"true\" class=\"wp-block-spacer\"><\/div>\n\n\n\n<h2 class=\"wp-block-heading\" id=\"vahvistus\">Julkinen kaupanvahvistaja<\/h2>\n\n\n\n<p>Kiinteist\u00f6kauppa (kuten tontti tai omakotitalo) vaatii lain mukaan virallisen kaupanvahvistajan l\u00e4sn\u00e4olon, mik\u00e4li kauppaa ei tehd\u00e4 s\u00e4hk\u00f6isess\u00e4 kiinteist\u00f6vaihdannan palvelussa.<\/p>\n\n\n\n<p>Onko tiedossa kiinteist\u00f6kauppa ilman v\u00e4litt\u00e4j\u00e4\u00e4? Autan kaikissa kaupan vaiheissa, my\u00f6s kaupanvahvistuksessa.<\/p>\n\n\n\n<p>Kaupanvahvistajana tarkistan osapuolten henkil\u00f6llisyyden, oikeustoimikelpoisuuden sek\u00e4 luovutuskirjan muodollisen oikeellisuuden puolueettomasti.<\/p>\n\n\n\n<p>Olen k\u00e4ytett\u00e4viss\u00e4 joustavasti juuri silloin, kun kaupantekohetki on teille sopivin \u2013 my\u00f6s perinteisten toimistoaikojen ulkopuolella.<\/p>\n\n\n\n<p>Kaupanvahvistuksen hinta on Maanmittauslaitoksen hinnaston mukainen v. 2026 <strong>143 \u20ac<\/strong>, lis\u00e4ksi voidaan peri\u00e4 matkakulut.<\/p>\n\n\n\n<p>Vahvistan kauppoja Tampereella ja ymp\u00e4rist\u00f6kunnissa, kuten Pirkkala, Yl\u00f6j\u00e4rvi, Nokia, H\u00e4meenkyr\u00f6, Ikaalinen, Orivesi, Kangasala, Lemp\u00e4\u00e4l\u00e4, Vesilahti, Akaa (Toijala), Urjala ja Valkeakoski.<\/p>\n\n\n\n<div class=\"wp-block-columns is-layout-flex wp-container-core-columns-is-layout-28f84493 wp-block-columns-is-layout-flex\">\n<div class=\"wp-block-column is-layout-flow wp-block-column-is-layout-flow\"><\/div>\n<\/div>\n\n\n\n<h2 class=\"wp-block-heading\">Ota yhteytt\u00e4<\/h2>\n\n\n\n<div class=\"wp-block-columns is-layout-flex wp-container-core-columns-is-layout-28f84493 wp-block-columns-is-layout-flex\">\n<div class=\"wp-block-column is-layout-flow wp-block-column-is-layout-flow\" style=\"flex-basis:50%\">\n<div class=\"wp-block-group is-nowrap is-layout-flex wp-container-core-group-is-layout-6c531013 wp-block-group-is-layout-flex\">\n<p>7Days assistenttipalvelu<br>Jaana Roiha<br>YKV, LKV, julkinen kaupanvahvistaja<br>Soita: <a href=\"tel:+3585767722\">050 576 7722<\/a><br><a href=\"mailto:jaana.roiha@7daystoimisto.fi\">jaana.roiha@7daystoimisto.fi<\/a><\/p>\n<\/div>\n<\/div>\n\n\n\n<div class=\"wp-block-column is-layout-flow wp-block-column-is-layout-flow\" style=\"flex-basis:50%\">\n<figure class=\"wp-block-image size-full is-resized\"><img loading=\"lazy\" decoding=\"async\" width=\"800\" height=\"800\" src=\"https:\/\/7daystoimisto.fi\/wp-content\/uploads\/2026\/03\/omakuva-2.png\" alt=\"\" class=\"wp-image-110\" style=\"width:167px;height:auto\" srcset=\"https:\/\/7daystoimisto.fi\/wp-content\/uploads\/2026\/03\/omakuva-2.png 800w, https:\/\/7daystoimisto.fi\/wp-content\/uploads\/2026\/03\/omakuva-2-300x300.png 300w, https:\/\/7daystoimisto.fi\/wp-content\/uploads\/2026\/03\/omakuva-2-150x150.png 150w, https:\/\/7daystoimisto.fi\/wp-content\/uploads\/2026\/03\/omakuva-2-768x768.png 768w\" sizes=\"auto, (max-width: 800px) 100vw, 800px\" \/><\/figure>\n<\/div>\n<\/div>\n\n\n\n<p><strong><a href=\"https:\/\/www.linkedin.com\/company\/7days-et%C3%A4assistentti\/?viewAsMember=true\">LinkedIn  |  Yrityssivu<\/a><\/strong><\/p>\n\n\n\n<p><strong><a href=\"https:\/\/www.linkedin.com\/in\/jaana-roiha-6b174592\/\">LinkedIn  |  Jaana Roiha<\/a><\/strong><\/p>\n","protected":false},"excerpt":{"rendered":"<p>7Days laatii kauppakirjat, lahjakirjat, arviokirjat sek\u00e4 viralliset kaupanvahvistukset luotettavasti ja nopeasti. Et\u00e4assistentti kiinteist\u00f6nv\u00e4litt\u00e4jille. Back Office tuki kiinteist\u00f6nv\u00e4litt\u00e4jille Tehokas taustatuki on menestyv\u00e4n v\u00e4litysty\u00f6n perusta. Kun rutiinit ja asiakirjahallinto ovat kokeneen ammattilaisen k\u00e4siss\u00e4, voit itse keskitty\u00e4 olennaiseen: asiakaskohtaamisiin, arviok\u00e4ynteihin, esittelyihin ja kaupank\u00e4yntiin. Hallitsen alan yleisimm\u00e4t j\u00e4rjestelm\u00e4t ja toimin tarkasti noudattaen lakeja, asetuksia ja hyv\u00e4\u00e4 v\u00e4litystapaa. Palvelu r\u00e4\u00e4t\u00e4l\u00f6id\u00e4\u00e4n [&hellip;]<\/p>\n","protected":false},"author":1,"featured_media":0,"parent":0,"menu_order":0,"comment_status":"closed","ping_status":"closed","template":"","meta":{"_joinchat":[],"footnotes":""},"class_list":["post-18","page","type-page","status-publish","hentry"],"yoast_head":"<!-- This site is optimized with the Yoast SEO plugin v27.4 - https:\/\/yoast.com\/product\/yoast-seo-wordpress\/ -->\n<title>Kaupanvahvistus, kauppakirjat ja arviokirjat, v\u00e4litt\u00e4j\u00e4n et\u00e4assistentti - 7Days Toimisto<\/title>\n<meta name=\"description\" content=\"Et\u00e4assistentti, kauppakirjat, arviokirjat, lahjakirjat. Kaupanvahvistaja Tampere, Pirkkala, Yl\u00f6j\u00e4rvi, Nokia, H\u00e4meenkyr\u00f6, Orivesi, Kangasala, Lemp\u00e4\u00e4l\u00e4, Vesilahti, Akaa (Toijala), Urjala, Valkeakoski, Ikaalinen\" \/>\n<meta name=\"robots\" content=\"index, follow, max-snippet:-1, max-image-preview:large, max-video-preview:-1\" \/>\n<link rel=\"canonical\" href=\"https:\/\/7daystoimisto.fi\/\" \/>\n<meta property=\"og:locale\" content=\"fi_FI\" \/>\n<meta property=\"og:type\" content=\"article\" \/>\n<meta property=\"og:title\" content=\"Kaupanvahvistus, kauppakirjat ja arviokirjat, v\u00e4litt\u00e4j\u00e4n et\u00e4assistentti - 7Days Toimisto\" \/>\n<meta property=\"og:description\" content=\"Et\u00e4assistentti, kauppakirjat, arviokirjat, lahjakirjat. Kaupanvahvistaja Tampere, Pirkkala, Yl\u00f6j\u00e4rvi, Nokia, H\u00e4meenkyr\u00f6, Orivesi, Kangasala, Lemp\u00e4\u00e4l\u00e4, Vesilahti, Akaa (Toijala), Urjala, Valkeakoski, Ikaalinen\" \/>\n<meta property=\"og:url\" content=\"https:\/\/7daystoimisto.fi\/\" \/>\n<meta property=\"og:site_name\" content=\"7Days Toimisto\" \/>\n<meta property=\"article:modified_time\" content=\"2026-03-04T15:03:34+00:00\" \/>\n<meta property=\"og:image\" content=\"https:\/\/7daystoimisto.fi\/wp-content\/uploads\/2026\/03\/7Days-etaassistentti-kiinteisto-kaupanvahvistus.jpg-1024x434.png\" \/>\n\t<meta property=\"og:image:width\" content=\"1024\" \/>\n\t<meta property=\"og:image:height\" content=\"434\" \/>\n\t<meta property=\"og:image:type\" content=\"image\/png\" \/>\n<meta name=\"twitter:card\" content=\"summary_large_image\" \/>\n<meta name=\"twitter:label1\" content=\"Arvioitu lukuaika\" \/>\n\t<meta name=\"twitter:data1\" content=\"3 minuuttia\" \/>\n<script type=\"application\/ld+json\" class=\"yoast-schema-graph\">{\"@context\":\"https:\\\/\\\/schema.org\",\"@graph\":[{\"@type\":\"WebPage\",\"@id\":\"https:\\\/\\\/7daystoimisto.fi\\\/\",\"url\":\"https:\\\/\\\/7daystoimisto.fi\\\/\",\"name\":\"Kaupanvahvistus, kauppakirjat ja arviokirjat, v\u00e4litt\u00e4j\u00e4n et\u00e4assistentti - 7Days Toimisto\",\"isPartOf\":{\"@id\":\"https:\\\/\\\/7daystoimisto.fi\\\/#website\"},\"primaryImageOfPage\":{\"@id\":\"https:\\\/\\\/7daystoimisto.fi\\\/#primaryimage\"},\"image\":{\"@id\":\"https:\\\/\\\/7daystoimisto.fi\\\/#primaryimage\"},\"thumbnailUrl\":\"https:\\\/\\\/7daystoimisto.fi\\\/wp-content\\\/uploads\\\/2026\\\/03\\\/7Days-etaassistentti-kiinteisto-kaupanvahvistus.jpg-1024x434.png\",\"datePublished\":\"2026-02-18T21:04:21+00:00\",\"dateModified\":\"2026-03-04T15:03:34+00:00\",\"description\":\"Et\u00e4assistentti, kauppakirjat, arviokirjat, lahjakirjat. Kaupanvahvistaja Tampere, Pirkkala, Yl\u00f6j\u00e4rvi, Nokia, H\u00e4meenkyr\u00f6, Orivesi, Kangasala, Lemp\u00e4\u00e4l\u00e4, Vesilahti, Akaa (Toijala), Urjala, Valkeakoski, Ikaalinen\",\"breadcrumb\":{\"@id\":\"https:\\\/\\\/7daystoimisto.fi\\\/#breadcrumb\"},\"inLanguage\":\"fi\",\"potentialAction\":[{\"@type\":\"ReadAction\",\"target\":[\"https:\\\/\\\/7daystoimisto.fi\\\/\"]}]},{\"@type\":\"ImageObject\",\"inLanguage\":\"fi\",\"@id\":\"https:\\\/\\\/7daystoimisto.fi\\\/#primaryimage\",\"url\":\"https:\\\/\\\/7daystoimisto.fi\\\/wp-content\\\/uploads\\\/2026\\\/03\\\/7Days-etaassistentti-kiinteisto-kaupanvahvistus.jpg-scaled.png\",\"contentUrl\":\"https:\\\/\\\/7daystoimisto.fi\\\/wp-content\\\/uploads\\\/2026\\\/03\\\/7Days-etaassistentti-kiinteisto-kaupanvahvistus.jpg-scaled.png\",\"width\":2560,\"height\":1086},{\"@type\":\"BreadcrumbList\",\"@id\":\"https:\\\/\\\/7daystoimisto.fi\\\/#breadcrumb\",\"itemListElement\":[{\"@type\":\"ListItem\",\"position\":1,\"name\":\"Etusivu\",\"item\":\"https:\\\/\\\/7daystoimisto.fi\\\/\"},{\"@type\":\"ListItem\",\"position\":2,\"name\":\"Kaupanvahvistus, kauppakirjat ja arviokirjat, v\u00e4litt\u00e4j\u00e4n et\u00e4assistentti\"}]},{\"@type\":\"WebSite\",\"@id\":\"https:\\\/\\\/7daystoimisto.fi\\\/#website\",\"url\":\"https:\\\/\\\/7daystoimisto.fi\\\/\",\"name\":\"7Days Toimisto\",\"description\":\"Kaupanvahvistaja &bull; Arviokirjat &bull; Kauppakirjat &bull; Et&auml;assistentti\",\"potentialAction\":[{\"@type\":\"SearchAction\",\"target\":{\"@type\":\"EntryPoint\",\"urlTemplate\":\"https:\\\/\\\/7daystoimisto.fi\\\/?s={search_term_string}\"},\"query-input\":{\"@type\":\"PropertyValueSpecification\",\"valueRequired\":true,\"valueName\":\"search_term_string\"}}],\"inLanguage\":\"fi\"}]}<\/script>\n<!-- \/ Yoast SEO plugin. -->","yoast_head_json":{"title":"Kaupanvahvistus, kauppakirjat ja arviokirjat, v\u00e4litt\u00e4j\u00e4n et\u00e4assistentti - 7Days Toimisto","description":"Et\u00e4assistentti, kauppakirjat, arviokirjat, lahjakirjat. Kaupanvahvistaja Tampere, Pirkkala, Yl\u00f6j\u00e4rvi, Nokia, H\u00e4meenkyr\u00f6, Orivesi, Kangasala, Lemp\u00e4\u00e4l\u00e4, Vesilahti, Akaa (Toijala), Urjala, Valkeakoski, Ikaalinen","robots":{"index":"index","follow":"follow","max-snippet":"max-snippet:-1","max-image-preview":"max-image-preview:large","max-video-preview":"max-video-preview:-1"},"canonical":"https:\/\/7daystoimisto.fi\/","og_locale":"fi_FI","og_type":"article","og_title":"Kaupanvahvistus, kauppakirjat ja arviokirjat, v\u00e4litt\u00e4j\u00e4n et\u00e4assistentti - 7Days Toimisto","og_description":"Et\u00e4assistentti, kauppakirjat, arviokirjat, lahjakirjat. Kaupanvahvistaja Tampere, Pirkkala, Yl\u00f6j\u00e4rvi, Nokia, H\u00e4meenkyr\u00f6, Orivesi, Kangasala, Lemp\u00e4\u00e4l\u00e4, Vesilahti, Akaa (Toijala), Urjala, Valkeakoski, Ikaalinen","og_url":"https:\/\/7daystoimisto.fi\/","og_site_name":"7Days Toimisto","article_modified_time":"2026-03-04T15:03:34+00:00","og_image":[{"width":1024,"height":434,"url":"https:\/\/7daystoimisto.fi\/wp-content\/uploads\/2026\/03\/7Days-etaassistentti-kiinteisto-kaupanvahvistus.jpg-1024x434.png","type":"image\/png"}],"twitter_card":"summary_large_image","twitter_misc":{"Arvioitu lukuaika":"3 minuuttia"},"schema":{"@context":"https:\/\/schema.org","@graph":[{"@type":"WebPage","@id":"https:\/\/7daystoimisto.fi\/","url":"https:\/\/7daystoimisto.fi\/","name":"Kaupanvahvistus, kauppakirjat ja arviokirjat, v\u00e4litt\u00e4j\u00e4n et\u00e4assistentti - 7Days Toimisto","isPartOf":{"@id":"https:\/\/7daystoimisto.fi\/#website"},"primaryImageOfPage":{"@id":"https:\/\/7daystoimisto.fi\/#primaryimage"},"image":{"@id":"https:\/\/7daystoimisto.fi\/#primaryimage"},"thumbnailUrl":"https:\/\/7daystoimisto.fi\/wp-content\/uploads\/2026\/03\/7Days-etaassistentti-kiinteisto-kaupanvahvistus.jpg-1024x434.png","datePublished":"2026-02-18T21:04:21+00:00","dateModified":"2026-03-04T15:03:34+00:00","description":"Et\u00e4assistentti, kauppakirjat, arviokirjat, lahjakirjat. Kaupanvahvistaja Tampere, Pirkkala, Yl\u00f6j\u00e4rvi, Nokia, H\u00e4meenkyr\u00f6, Orivesi, Kangasala, Lemp\u00e4\u00e4l\u00e4, Vesilahti, Akaa (Toijala), Urjala, Valkeakoski, Ikaalinen","breadcrumb":{"@id":"https:\/\/7daystoimisto.fi\/#breadcrumb"},"inLanguage":"fi","potentialAction":[{"@type":"ReadAction","target":["https:\/\/7daystoimisto.fi\/"]}]},{"@type":"ImageObject","inLanguage":"fi","@id":"https:\/\/7daystoimisto.fi\/#primaryimage","url":"https:\/\/7daystoimisto.fi\/wp-content\/uploads\/2026\/03\/7Days-etaassistentti-kiinteisto-kaupanvahvistus.jpg-scaled.png","contentUrl":"https:\/\/7daystoimisto.fi\/wp-content\/uploads\/2026\/03\/7Days-etaassistentti-kiinteisto-kaupanvahvistus.jpg-scaled.png","width":2560,"height":1086},{"@type":"BreadcrumbList","@id":"https:\/\/7daystoimisto.fi\/#breadcrumb","itemListElement":[{"@type":"ListItem","position":1,"name":"Etusivu","item":"https:\/\/7daystoimisto.fi\/"},{"@type":"ListItem","position":2,"name":"Kaupanvahvistus, kauppakirjat ja arviokirjat, v\u00e4litt\u00e4j\u00e4n et\u00e4assistentti"}]},{"@type":"WebSite","@id":"https:\/\/7daystoimisto.fi\/#website","url":"https:\/\/7daystoimisto.fi\/","name":"7Days Toimisto","description":"Kaupanvahvistaja &bull; Arviokirjat &bull; Kauppakirjat &bull; Et&auml;assistentti","potentialAction":[{"@type":"SearchAction","target":{"@type":"EntryPoint","urlTemplate":"https:\/\/7daystoimisto.fi\/?s={search_term_string}"},"query-input":{"@type":"PropertyValueSpecification","valueRequired":true,"valueName":"search_term_string"}}],"inLanguage":"fi"}]}},"_links":{"self":[{"href":"https:\/\/7daystoimisto.fi\/index.php\/wp-json\/wp\/v2\/pages\/18","targetHints":{"allow":["GET"]}}],"collection":[{"href":"https:\/\/7daystoimisto.fi\/index.php\/wp-json\/wp\/v2\/pages"}],"about":[{"href":"https:\/\/7daystoimisto.fi\/index.php\/wp-json\/wp\/v2\/types\/page"}],"author":[{"embeddable":true,"href":"https:\/\/7daystoimisto.fi\/index.php\/wp-json\/wp\/v2\/users\/1"}],"replies":[{"embeddable":true,"href":"https:\/\/7daystoimisto.fi\/index.php\/wp-json\/wp\/v2\/comments?post=18"}],"version-history":[{"count":62,"href":"https:\/\/7daystoimisto.fi\/index.php\/wp-json\/wp\/v2\/pages\/18\/revisions"}],"predecessor-version":[{"id":123,"href":"https:\/\/7daystoimisto.fi\/index.php\/wp-json\/wp\/v2\/pages\/18\/revisions\/123"}],"wp:attachment":[{"href":"https:\/\/7daystoimisto.fi\/index.php\/wp-json\/wp\/v2\/media?parent=18"}],"curies":[{"name":"wp","href":"https:\/\/api.w.org\/{rel}","templated":true}]}}